{"id":2435,"date":"2024-05-24T10:49:21","date_gmt":"2024-05-24T08:49:21","guid":{"rendered":"https:\/\/staging.silvalac.eurocastaliahost4.com\/politica-de-calidad-inocuidad-y-medio-ambiente\/"},"modified":"2025-01-10T09:55:55","modified_gmt":"2025-01-10T08:55:55","slug":"politique-de-qualite-de-securite-et-denvironnement","status":"publish","type":"page","link":"https:\/\/staging.silvalac.eurocastaliahost4.com\/fr\/politique-de-qualite-de-securite-et-denvironnement\/","title":{"rendered":"Politique de qualit\u00e9, de s\u00e9curit\u00e9 et d&rsquo;environnement"},"content":{"rendered":"<div class=\"fusion-fullwidth fullwidth-box fusion-builder-row-1 fusion-flex-container has-pattern-background has-mask-background nonhundred-percent-fullwidth non-hundred-percent-height-scrolling\" style=\"--awb-border-radius-top-left:0px;--awb-border-radius-top-right:0px;--awb-border-radius-bottom-right:0px;--awb-border-radius-bottom-left:0px;--awb-flex-wrap:wrap;\" ><div class=\"fusion-builder-row fusion-row fusion-flex-align-items-flex-start fusion-flex-content-wrap\" style=\"max-width:1283.36px;margin-left: calc(-4% \/ 2 );margin-right: calc(-4% \/ 2 );\"><div class=\"fusion-layout-column fusion_builder_column fusion-builder-column-0 fusion_builder_column_1_1 1_1 fusion-flex-column\" style=\"--awb-bg-size:cover;--awb-width-large:100%;--awb-margin-top-large:0px;--awb-spacing-right-large:1.92%;--awb-margin-bottom-large:0px;--awb-spacing-left-large:1.92%;--awb-width-medium:100%;--awb-order-medium:0;--awb-spacing-right-medium:1.92%;--awb-spacing-left-medium:1.92%;--awb-width-small:100%;--awb-order-small:0;--awb-spacing-right-small:1.92%;--awb-spacing-left-small:1.92%;\"><div class=\"fusion-column-wrapper fusion-column-has-shadow fusion-flex-justify-content-flex-start fusion-content-layout-column\"><div class=\"fusion-title title fusion-title-1 fusion-sep-none fusion-title-text fusion-title-size-one\" style=\"--awb-text-color:var(--awb-color2);\"><h1 class=\"fusion-title-heading title-heading-left\" style=\"margin:0;\">Politique de qualit\u00e9, de s\u00e9curit\u00e9 et d&rsquo;environnement<\/h1><\/div><div class=\"fusion-text fusion-text-1\"><p>La direction de <strong>SILVALAC, S.A.<\/strong> vise, \u00e0 travers la diffusion de la POLITIQUE DE <strong>QUALIT\u00c9, DE S\u00c9CURIT\u00c9 ET D&rsquo;ENVIRONNEMENT<\/strong>, \u00e0 reconna\u00eetre que la Qualit\u00e9, la S\u00e9curit\u00e9 et l&rsquo;Environnement sont une priorit\u00e9 au sein de l&rsquo;entreprise et assume pleinement ses responsabilit\u00e9s pour la Qualit\u00e9 et la S\u00e9curit\u00e9 du produit propos\u00e9 et avec l&rsquo;Environnement, pour cela elle unifie les objectifs du personnel pour garantir la bonne gestion du Syst\u00e8me de Qualit\u00e9,\u00a0 S\u00e9curit\u00e9 et environnement. Cette politique s&rsquo;inscrit dans le cadre du Plan strat\u00e9gique de l&rsquo;entreprise.<\/p>\n<p>\u00c0 cette fin, nos efforts porteront sur les points suivants :<\/p>\n<p><strong><u>1-R\u00c9GLEMENTATION APPLICABLE :\u00a0 <\/u><\/strong>La politique de l&rsquo;entreprise comprend l&rsquo;engagement de se conformer \u00e0 la l\u00e9gislation, aux r\u00e8glements et aux r\u00e8glements pertinents, ainsi qu&rsquo;aux autres exigences souscrites par l&rsquo;organisation, c&rsquo;est-\u00e0-dire que l&rsquo;entreprise s&rsquo;assurera qu&rsquo;elle se conforme \u00e0 la l\u00e9gislation qui lui est applicable, actuelle et future.<\/p>\n<p>De m\u00eame, l&rsquo;entreprise se conforme aux exigences des clients et \u00e0 toutes celles auxquelles l&rsquo;organisation souscrit volontairement, y compris un engagement \u00e0 l&rsquo;am\u00e9lioration des conditions de travail et \u00e0 la protection de la sant\u00e9 au travail des travailleurs et \u00e0 l&rsquo;am\u00e9lioration continue de la gestion et du respect de la sant\u00e9 et de la s\u00e9curit\u00e9 des travailleurs.<\/p>\n<p><u><strong>2- ORGANISATION :<\/strong> <\/u>Fournir une structure et des RESSOURCES qui permettent l&rsquo;\u00e9laboration de l&rsquo;ACGG, de l&rsquo;AIEG \u00a0et\u00a0 de l&rsquo;AMGS mises en \u0153uvre, ainsi que de mesurer et d&rsquo;examiner les objectifs et les buts fix\u00e9s.<\/p>\n<p>L&rsquo;entreprise \u00e9tablira et tiendra \u00e0 jour un EMAS, un SGIA et un SGMA, et \u00e0 cette fin, elle sera document\u00e9e, dans tous ses aspects, pour prouver son fonctionnement et sa surveillance.<\/p>\n<p><u><strong>3- ACTIVIT\u00c9S\u00a0:<\/strong> <\/u>La pr\u00e9sente politique est adapt\u00e9e \u00e0 la nature et \u00e0 l&rsquo;impact environnemental des services et activit\u00e9s d\u00e9velopp\u00e9s par SILVALAC, S.A., en s&rsquo;assurant de la raison d&rsquo;\u00eatre de l&rsquo;organisme en ce qui a trait aux services et produits offerts, ainsi qu&rsquo;\u00e0 la protection de l&rsquo;environnement et \u00e0 la conservation des ressources naturelles.<\/p>\n<p>\u00c0 cette fin, l&rsquo;entreprise s&rsquo;efforcera d&rsquo;\u00e9liminer, de r\u00e9duire, de r\u00e9utiliser et de recycler toutes les formes de d\u00e9chets, de d\u00e9charges ou d&rsquo;\u00e9missions qu&rsquo;elle g\u00e9n\u00e8re et d&rsquo;utiliser efficacement les mat\u00e9riaux et les ressources. Il vise \u00e9galement \u00e0 \u00e9liminer ou \u00e0 r\u00e9duire tout \u00e9cart qui se produit et est d\u00e9tect\u00e9, et \u00e0 utiliser efficacement les \u00e9l\u00e9ments de gestion des TS mis en \u0153uvre.<\/p>\n<p>\u00c9valuer les risques et les dangers pour la qualit\u00e9 et la s\u00e9curit\u00e9 des aliments, en les contr\u00f4lant et en les minimisant \u00e0 tout moment, gr\u00e2ce \u00e0 la mise en \u0153uvre efficace du syst\u00e8me HACCP et de l&rsquo;analyse des risques.<\/p>\n<p>Consciente d&rsquo;exercer son activit\u00e9 dans la cha\u00eene alimentaire et s&rsquo;engage \u00e0 informer ses clients et consommateurs sur toute probl\u00e9matique de s\u00e9curit\u00e9 alimentaire qui pourrait les concerner<\/p>\n<p><strong>4- AM\u00c9LIORATION CONTINUE\u00a0:<\/strong> L&rsquo;am\u00e9lioration continue des processus, des produits et des services sera promue dans le domaine de leur relation avec la Qualit\u00e9, la S\u00e9curit\u00e9 et l&rsquo;Environnement, en \u00e9valuant \u00e0 l&rsquo;avance les r\u00e9percussions de tout nouveau d\u00e9veloppement sur ceux-ci, en poursuivant l&rsquo;effort dans le d\u00e9veloppement et la mise en \u0153uvre de technologies pour la r\u00e9duction de la pollution afin de minimiser l&rsquo;impact des activit\u00e9s des usines et des bureaux sur l&rsquo;environnement.\u00a0 ainsi que dans le d\u00e9veloppement et la mise en \u0153uvre des outils n\u00e9cessaires \u00e0 l&rsquo;am\u00e9lioration du service offert, afin de minimiser les non-conformit\u00e9s d\u00e9tect\u00e9es dans le d\u00e9veloppement des activit\u00e9s de SILVALAC, S.A. A cet effet, des Actions Correctives et Pr\u00e9ventives seront prises pour pr\u00e9venir, \u00e9viter l&rsquo;apparition ou la r\u00e9p\u00e9tition de d\u00e9fauts lors du d\u00e9veloppement du service.<\/p>\n<p><strong><u>5- DIFFUSION : <\/u><\/strong>Diffuser, contr\u00f4ler et exiger que les instructions et les actions indiqu\u00e9es dans les manuels de proc\u00e9dures soient connues et respect\u00e9es afin d&rsquo;assurer leur bonne application des principes de la politique.<\/p>\n<p>SILVALAC, S.A.\u00a0 elle favorisera la diffusion des meilleures pratiques de la Qualit\u00e9, de la Culture de la S\u00e9curit\u00e9 et de l&rsquo;Environnement dans tous les domaines auxquels elle participe ou a acc\u00e8s, en travaillant et en formant ses propres employ\u00e9s pour am\u00e9liorer les activit\u00e9s qu&rsquo;ils exercent et la pr\u00e9occupation environnementale, en les faisant prendre conscience que la destination finale des produits fabriqu\u00e9s est le contact avec les aliments et les r\u00e9percussions qu&rsquo;ils peuvent avoir sur la sant\u00e9 des consommateurs.<\/p>\n<p>L&rsquo;entreprise favorisera la communication interne et externe \u00e0 tous les niveaux entre les zones et les entreprises, ce qui permettra de transmettre les efforts au personnel et au march\u00e9. De la m\u00eame mani\u00e8re, il prendra en compte les relations internes et externes avec les parties prenantes afin d&rsquo;orienter les activit\u00e9s pour r\u00e9pondre \u00e0 leurs besoins.<\/p>\n<p><strong> <u>6- \u00c9VALUATION DU SYST\u00c8ME :<\/u><\/strong> La publication de cette politique a pour but le plus proche d&rsquo;unir nos efforts dans la r\u00e9alisation des objectifs, pour lesquels elle adoptera des proc\u00e9dures pour \u00e9tablir des objectifs et des buts, ainsi que pour la r\u00e9vision de ceux-ci et de la politique elle-m\u00eame, afin de maintenir son efficacit\u00e9 et de s&rsquo;adapter aux changements de l&rsquo;environnement.<\/p>\n<p><strong>7- PR\u00c9VENTION DE LA POLLUTION :<\/strong>\u00a0\u00a0 L&rsquo;entreprise identifiera et cherchera \u00e0 r\u00e9duire les impacts environnementaux significatifs qui sont la cons\u00e9quence des processus et des op\u00e9rations qu&rsquo;elle effectue, ainsi qu&rsquo;\u00e0 pr\u00e9venir la pollution.<\/p>\n<p>L&rsquo;entreprise s&rsquo;engage \u00e0 contribuer \u00e0 la r\u00e9duction du nombre de granul\u00e9s dans l&rsquo;environnement marin par le biais du programme Operation Clean Sweep (OCS). \u00c0 cette fin, elle maintient le syst\u00e8me d&rsquo;analyse des risques qui garantit l&rsquo;identification et l&rsquo;\u00e9valuation correctes des pertes de granul\u00e9s.<\/p>\n<p><strong>8- RESPONSABILIT\u00c9\u00a0:<\/strong> Tous les employ\u00e9s de SILVALAC, S.A. seront impliqu\u00e9s dans la gestion de la qualit\u00e9, de la s\u00e9curit\u00e9 et de l&rsquo;environnement de l&rsquo;entreprise, pour laquelle des m\u00e9canismes seront arbitr\u00e9s afin de promouvoir leur sens des responsabilit\u00e9s et leur IMPLICATION dans ce domaine.<\/p>\n<p><strong><u>9.- COMMUNICATION\u00a0:<\/u><\/strong> Nous encourageons la communication externe, tant avec les fournisseurs et les clients, qu&rsquo;avec les autorit\u00e9s sanitaires comp\u00e9tentes, \u00e0 la fois pour transmettre nos propres pr\u00e9occupations et les besoins de nos clients en termes de s\u00e9curit\u00e9 alimentaire.<\/p>\n<p>Se conformer aux exigences et aux attentes du march\u00e9, des parties prenantes et des parties int\u00e9ress\u00e9es et soutenir l&rsquo;orientation strat\u00e9gique de l&rsquo;entreprise et s&rsquo;efforcer de faire en sorte que cette politique de qualit\u00e9, de s\u00e9curit\u00e9 et d&rsquo;environnement soit communiqu\u00e9e, comprise et accept\u00e9e par le personnel et le conseil d&rsquo;administration qui composent <strong><em>SILVALAC, S.A.<\/em><\/strong> et est \u00e0 la disposition des parties prenantes concern\u00e9es<\/p>\n<p>L&rsquo;adoption de cette politique fonctionnelle est une exigence dans tous les aspects de l&rsquo;activit\u00e9 de <strong>SILVALAC, S.A., <\/strong>et l&rsquo;atteinte de ces points est soutenue par l&rsquo;application d&rsquo;un syst\u00e8me de gestion de la qualit\u00e9, de la s\u00e9curit\u00e9 et de l&rsquo;environnement qui r\u00e9pond aux exigences de la norme ISO 9001, 22000, 14001.<\/p>\n<p>La mise en \u0153uvre r\u00e9ussie de cette politique repose sur l&rsquo;implication et la pr\u00e9occupation individuelles de tous les employ\u00e9s sous le contr\u00f4le de la direction.<\/p>\n<\/div><\/div><\/div><\/div><\/div>\n","protected":false},"excerpt":{"rendered":"","protected":false},"author":1,"featured_media":0,"parent":0,"menu_order":0,"comment_status":"closed","ping_status":"closed","template":"100-width.php","meta":{"_acf_changed":false,"_monsterinsights_skip_tracking":false,"_monsterinsights_sitenote_active":false,"_monsterinsights_sitenote_note":"","_monsterinsights_sitenote_category":0,"footnotes":""},"class_list":["post-2435","page","type-page","status-publish","hentry"],"acf":[],"yoast_head":"<!-- This site is optimized with the Yoast SEO plugin v25.2 - https:\/\/yoast.com\/wordpress\/plugins\/seo\/ -->\n<title>Politique de qualit\u00e9, de s\u00e9curit\u00e9 et d&#039;environnement - Silvalac<\/title>\n<meta name=\"description\" content=\"La Direcci\u00f3n de SILVALAC, S.A. pretende mediante la difusi\u00f3n de la POL\u00cdTICA DE CALIDAD INOCUIDAD Y MEDIO AMBIENTE...\" \/>\n<meta name=\"robots\" content=\"noindex, follow, max-snippet:-1, max-image-preview:large, max-video-preview:-1\" \/>\n<meta property=\"og:locale\" content=\"fr_FR\" \/>\n<meta property=\"og:type\" content=\"article\" \/>\n<meta property=\"og:title\" content=\"Politique de qualit\u00e9, de s\u00e9curit\u00e9 et d&#039;environnement - Silvalac\" \/>\n<meta property=\"og:description\" content=\"La Direcci\u00f3n de SILVALAC, S.A. pretende mediante la difusi\u00f3n de la POL\u00cdTICA DE CALIDAD INOCUIDAD Y MEDIO AMBIENTE...\" \/>\n<meta property=\"og:url\" content=\"https:\/\/staging.silvalac.eurocastaliahost4.com\/fr\/politique-de-qualite-de-securite-et-denvironnement\/\" \/>\n<meta property=\"og:site_name\" content=\"Silvalac\" \/>\n<meta property=\"article:modified_time\" content=\"2025-01-10T08:55:55+00:00\" \/>\n<meta name=\"twitter:card\" content=\"summary_large_image\" \/>\n<meta name=\"twitter:label1\" content=\"Dur\u00e9e de lecture estim\u00e9e\" \/>\n\t<meta name=\"twitter:data1\" content=\"5 minutes\" \/>\n<script type=\"application\/ld+json\" class=\"yoast-schema-graph\">{\"@context\":\"https:\/\/schema.org\",\"@graph\":[{\"@type\":\"WebPage\",\"@id\":\"https:\/\/staging.silvalac.eurocastaliahost4.com\/fr\/politique-de-qualite-de-securite-et-denvironnement\/\",\"url\":\"https:\/\/staging.silvalac.eurocastaliahost4.com\/fr\/politique-de-qualite-de-securite-et-denvironnement\/\",\"name\":\"Politique de qualit\u00e9, de s\u00e9curit\u00e9 et d'environnement - Silvalac\",\"isPartOf\":{\"@id\":\"https:\/\/staging.silvalac.eurocastaliahost4.com\/fr\/#website\"},\"datePublished\":\"2024-05-24T08:49:21+00:00\",\"dateModified\":\"2025-01-10T08:55:55+00:00\",\"description\":\"La Direcci\u00f3n de SILVALAC, S.A. pretende mediante la difusi\u00f3n de la POL\u00cdTICA DE CALIDAD INOCUIDAD Y MEDIO AMBIENTE...\",\"breadcrumb\":{\"@id\":\"https:\/\/staging.silvalac.eurocastaliahost4.com\/fr\/politique-de-qualite-de-securite-et-denvironnement\/#breadcrumb\"},\"inLanguage\":\"fr-FR\",\"potentialAction\":[{\"@type\":\"ReadAction\",\"target\":[\"https:\/\/staging.silvalac.eurocastaliahost4.com\/fr\/politique-de-qualite-de-securite-et-denvironnement\/\"]}]},{\"@type\":\"BreadcrumbList\",\"@id\":\"https:\/\/staging.silvalac.eurocastaliahost4.com\/fr\/politique-de-qualite-de-securite-et-denvironnement\/#breadcrumb\",\"itemListElement\":[{\"@type\":\"ListItem\",\"position\":1,\"name\":\"Portada\",\"item\":\"https:\/\/staging.silvalac.eurocastaliahost4.com\/fr\/\"},{\"@type\":\"ListItem\",\"position\":2,\"name\":\"Politique de qualit\u00e9, de s\u00e9curit\u00e9 et d&#8217;environnement\"}]},{\"@type\":\"WebSite\",\"@id\":\"https:\/\/staging.silvalac.eurocastaliahost4.com\/fr\/#website\",\"url\":\"https:\/\/staging.silvalac.eurocastaliahost4.com\/fr\/\",\"name\":\"Silvalac\",\"description\":\"\",\"potentialAction\":[{\"@type\":\"SearchAction\",\"target\":{\"@type\":\"EntryPoint\",\"urlTemplate\":\"https:\/\/staging.silvalac.eurocastaliahost4.com\/fr\/?s={search_term_string}\"},\"query-input\":{\"@type\":\"PropertyValueSpecification\",\"valueRequired\":true,\"valueName\":\"search_term_string\"}}],\"inLanguage\":\"fr-FR\"}]}<\/script>\n<!-- \/ Yoast SEO plugin. -->","yoast_head_json":{"title":"Politique de qualit\u00e9, de s\u00e9curit\u00e9 et d'environnement - Silvalac","description":"La Direcci\u00f3n de SILVALAC, S.A. pretende mediante la difusi\u00f3n de la POL\u00cdTICA DE CALIDAD INOCUIDAD Y MEDIO AMBIENTE...","robots":{"index":"noindex","follow":"follow","max-snippet":"max-snippet:-1","max-image-preview":"max-image-preview:large","max-video-preview":"max-video-preview:-1"},"og_locale":"fr_FR","og_type":"article","og_title":"Politique de qualit\u00e9, de s\u00e9curit\u00e9 et d'environnement - Silvalac","og_description":"La Direcci\u00f3n de SILVALAC, S.A. pretende mediante la difusi\u00f3n de la POL\u00cdTICA DE CALIDAD INOCUIDAD Y MEDIO AMBIENTE...","og_url":"https:\/\/staging.silvalac.eurocastaliahost4.com\/fr\/politique-de-qualite-de-securite-et-denvironnement\/","og_site_name":"Silvalac","article_modified_time":"2025-01-10T08:55:55+00:00","twitter_card":"summary_large_image","twitter_misc":{"Dur\u00e9e de lecture estim\u00e9e":"5 minutes"},"schema":{"@context":"https:\/\/schema.org","@graph":[{"@type":"WebPage","@id":"https:\/\/staging.silvalac.eurocastaliahost4.com\/fr\/politique-de-qualite-de-securite-et-denvironnement\/","url":"https:\/\/staging.silvalac.eurocastaliahost4.com\/fr\/politique-de-qualite-de-securite-et-denvironnement\/","name":"Politique de qualit\u00e9, de s\u00e9curit\u00e9 et d'environnement - Silvalac","isPartOf":{"@id":"https:\/\/staging.silvalac.eurocastaliahost4.com\/fr\/#website"},"datePublished":"2024-05-24T08:49:21+00:00","dateModified":"2025-01-10T08:55:55+00:00","description":"La Direcci\u00f3n de SILVALAC, S.A. pretende mediante la difusi\u00f3n de la POL\u00cdTICA DE CALIDAD INOCUIDAD Y MEDIO AMBIENTE...","breadcrumb":{"@id":"https:\/\/staging.silvalac.eurocastaliahost4.com\/fr\/politique-de-qualite-de-securite-et-denvironnement\/#breadcrumb"},"inLanguage":"fr-FR","potentialAction":[{"@type":"ReadAction","target":["https:\/\/staging.silvalac.eurocastaliahost4.com\/fr\/politique-de-qualite-de-securite-et-denvironnement\/"]}]},{"@type":"BreadcrumbList","@id":"https:\/\/staging.silvalac.eurocastaliahost4.com\/fr\/politique-de-qualite-de-securite-et-denvironnement\/#breadcrumb","itemListElement":[{"@type":"ListItem","position":1,"name":"Portada","item":"https:\/\/staging.silvalac.eurocastaliahost4.com\/fr\/"},{"@type":"ListItem","position":2,"name":"Politique de qualit\u00e9, de s\u00e9curit\u00e9 et d&#8217;environnement"}]},{"@type":"WebSite","@id":"https:\/\/staging.silvalac.eurocastaliahost4.com\/fr\/#website","url":"https:\/\/staging.silvalac.eurocastaliahost4.com\/fr\/","name":"Silvalac","description":"","potentialAction":[{"@type":"SearchAction","target":{"@type":"EntryPoint","urlTemplate":"https:\/\/staging.silvalac.eurocastaliahost4.com\/fr\/?s={search_term_string}"},"query-input":{"@type":"PropertyValueSpecification","valueRequired":true,"valueName":"search_term_string"}}],"inLanguage":"fr-FR"}]}},"_links":{"self":[{"href":"https:\/\/staging.silvalac.eurocastaliahost4.com\/fr\/wp-json\/wp\/v2\/pages\/2435","targetHints":{"allow":["GET"]}}],"collection":[{"href":"https:\/\/staging.silvalac.eurocastaliahost4.com\/fr\/wp-json\/wp\/v2\/pages"}],"about":[{"href":"https:\/\/staging.silvalac.eurocastaliahost4.com\/fr\/wp-json\/wp\/v2\/types\/page"}],"author":[{"embeddable":true,"href":"https:\/\/staging.silvalac.eurocastaliahost4.com\/fr\/wp-json\/wp\/v2\/users\/1"}],"replies":[{"embeddable":true,"href":"https:\/\/staging.silvalac.eurocastaliahost4.com\/fr\/wp-json\/wp\/v2\/comments?post=2435"}],"version-history":[{"count":2,"href":"https:\/\/staging.silvalac.eurocastaliahost4.com\/fr\/wp-json\/wp\/v2\/pages\/2435\/revisions"}],"predecessor-version":[{"id":2930,"href":"https:\/\/staging.silvalac.eurocastaliahost4.com\/fr\/wp-json\/wp\/v2\/pages\/2435\/revisions\/2930"}],"wp:attachment":[{"href":"https:\/\/staging.silvalac.eurocastaliahost4.com\/fr\/wp-json\/wp\/v2\/media?parent=2435"}],"curies":[{"name":"wp","href":"https:\/\/api.w.org\/{rel}","templated":true}]}}