{"id":2414,"date":"2024-04-23T09:34:23","date_gmt":"2024-04-23T07:34:23","guid":{"rendered":"https:\/\/staging.silvalac.eurocastaliahost4.com\/politica-de-accesibilidad\/"},"modified":"2024-04-23T09:34:23","modified_gmt":"2024-04-23T07:34:23","slug":"politica-de-accesibilidad","status":"publish","type":"page","link":"https:\/\/staging.silvalac.eurocastaliahost4.com\/fr\/politica-de-accesibilidad\/","title":{"rendered":"Pol\u00edtica de accesibilidad"},"content":{"rendered":"<div class=\"fusion-fullwidth fullwidth-box fusion-builder-row-1 fusion-flex-container has-pattern-background has-mask-background nonhundred-percent-fullwidth non-hundred-percent-height-scrolling\" style=\"--awb-border-radius-top-left:0px;--awb-border-radius-top-right:0px;--awb-border-radius-bottom-right:0px;--awb-border-radius-bottom-left:0px;--awb-flex-wrap:wrap;\" ><div class=\"fusion-builder-row fusion-row fusion-flex-align-items-flex-start fusion-flex-content-wrap\" style=\"max-width:1283.36px;margin-left: calc(-4% \/ 2 );margin-right: calc(-4% \/ 2 );\"><div class=\"fusion-layout-column fusion_builder_column fusion-builder-column-0 fusion_builder_column_1_1 1_1 fusion-flex-column\" style=\"--awb-bg-size:cover;--awb-width-large:100%;--awb-margin-top-large:0px;--awb-spacing-right-large:1.92%;--awb-margin-bottom-large:0px;--awb-spacing-left-large:1.92%;--awb-width-medium:100%;--awb-order-medium:0;--awb-spacing-right-medium:1.92%;--awb-spacing-left-medium:1.92%;--awb-width-small:100%;--awb-order-small:0;--awb-spacing-right-small:1.92%;--awb-spacing-left-small:1.92%;\"><div class=\"fusion-column-wrapper fusion-column-has-shadow fusion-flex-justify-content-flex-start fusion-content-layout-column\"><div class=\"fusion-title title fusion-title-1 fusion-sep-none fusion-title-text fusion-title-size-one\" style=\"--awb-text-color:var(--awb-color2);\"><h1 class=\"fusion-title-heading title-heading-left\" style=\"margin:0;\">Pol\u00edtica de accesibilidad<\/h1><\/div><div class=\"fusion-text fusion-text-1\"><p>El sitio web www.silvalac.com ha sido validado seg\u00fan los siguientes est\u00e1ndares y herramientas:<\/p>\n<ul>\n<li>Uso de los est\u00e1ndares del W3C:\n<ul>\n<li>Gram\u00e1tica XHTML 1.0 Transitional<\/li>\n<li>Gram\u00e1tica para las hojas de estilo CSS 2.1<\/li>\n<li>Pautas de Accesibilidad para el Contenido Web (WCAG nivel AA)<\/li>\n<\/ul>\n<\/li>\n<li>Presentaci\u00f3n de los elementos en pantalla y de los contenidos en el c\u00f3digo en un orden l\u00f3gico.<\/li>\n<li>Sistema de navegaci\u00f3n simplificado constituido por un men\u00fa principal.\n<ul>\n<li>Gram\u00e1tica XHTMLStrict y CSS 2.1<\/li>\n<li>Pautas de Accesibilidad para el Contenido Web ( WCAG nivel AA)<\/li>\n<\/ul>\n<\/li>\n<\/ul>\n<p><strong>\u00a0<\/strong><\/p>\n<p><strong>ATAJOS DE TECLADO<\/strong><\/p>\n<p>Los atajos de teclado empleados son:<\/p>\n<ul>\n<li>h : Inicio<\/li>\n<li>a : Pol\u00edtica de Accesibilidad<\/li>\n<li>p : Pol\u00edtica de Privacidad<\/li>\n<li>m : Mapa Web<\/li>\n<\/ul>\n<p>El uso de las teclas de acceso viene condicionado por el navegador:<\/p>\n<ul>\n<li>Internet Explorer: ALT + atajo + ENTER<\/li>\n<li>Firefox: ALT + May\u00fasculas + atajo (en versiones antiguas ALT + atajo)<\/li>\n<li>Opera: MAY\u00daSCULAS + ESC + atajo<\/li>\n<\/ul>\n<p>El sitio web alcanza un nivel de accesibilidad AA, ampliado con algunos puntos y recomendaciones pertenecientes al nivel AAA para mejorar la accesibilidad final.<\/p>\n<\/div><\/div><\/div><\/div><\/div>\n","protected":false},"excerpt":{"rendered":"","protected":false},"author":1,"featured_media":0,"parent":0,"menu_order":0,"comment_status":"closed","ping_status":"closed","template":"100-width.php","meta":{"_acf_changed":false,"_monsterinsights_skip_tracking":false,"_monsterinsights_sitenote_active":false,"_monsterinsights_sitenote_note":"","_monsterinsights_sitenote_category":0,"footnotes":""},"class_list":["post-2414","page","type-page","status-publish","hentry"],"acf":[],"yoast_head":"<!-- This site is optimized with the Yoast SEO plugin v25.2 - https:\/\/yoast.com\/wordpress\/plugins\/seo\/ -->\n<title>Pol\u00edtica de accesibilidad - Silvalac<\/title>\n<meta name=\"robots\" content=\"noindex, follow, max-snippet:-1, max-image-preview:large, max-video-preview:-1\" \/>\n<meta property=\"og:locale\" content=\"fr_FR\" \/>\n<meta property=\"og:type\" content=\"article\" \/>\n<meta property=\"og:title\" content=\"Pol\u00edtica de accesibilidad - Silvalac\" \/>\n<meta property=\"og:url\" content=\"https:\/\/staging.silvalac.eurocastaliahost4.com\/fr\/politica-de-accesibilidad\/\" \/>\n<meta property=\"og:site_name\" content=\"Silvalac\" \/>\n<meta name=\"twitter:card\" content=\"summary_large_image\" \/>\n<meta name=\"twitter:label1\" content=\"Dur\u00e9e de lecture estim\u00e9e\" \/>\n\t<meta name=\"twitter:data1\" content=\"7 minutes\" \/>\n<script type=\"application\/ld+json\" class=\"yoast-schema-graph\">{\"@context\":\"https:\/\/schema.org\",\"@graph\":[{\"@type\":\"WebPage\",\"@id\":\"https:\/\/staging.silvalac.eurocastaliahost4.com\/fr\/politica-de-accesibilidad\/\",\"url\":\"https:\/\/staging.silvalac.eurocastaliahost4.com\/fr\/politica-de-accesibilidad\/\",\"name\":\"Pol\u00edtica de accesibilidad - Silvalac\",\"isPartOf\":{\"@id\":\"https:\/\/staging.silvalac.eurocastaliahost4.com\/fr\/#website\"},\"datePublished\":\"2024-04-23T07:34:23+00:00\",\"breadcrumb\":{\"@id\":\"https:\/\/staging.silvalac.eurocastaliahost4.com\/fr\/politica-de-accesibilidad\/#breadcrumb\"},\"inLanguage\":\"fr-FR\",\"potentialAction\":[{\"@type\":\"ReadAction\",\"target\":[\"https:\/\/staging.silvalac.eurocastaliahost4.com\/fr\/politica-de-accesibilidad\/\"]}]},{\"@type\":\"BreadcrumbList\",\"@id\":\"https:\/\/staging.silvalac.eurocastaliahost4.com\/fr\/politica-de-accesibilidad\/#breadcrumb\",\"itemListElement\":[{\"@type\":\"ListItem\",\"position\":1,\"name\":\"Portada\",\"item\":\"https:\/\/staging.silvalac.eurocastaliahost4.com\/fr\/\"},{\"@type\":\"ListItem\",\"position\":2,\"name\":\"Pol\u00edtica de accesibilidad\"}]},{\"@type\":\"WebSite\",\"@id\":\"https:\/\/staging.silvalac.eurocastaliahost4.com\/fr\/#website\",\"url\":\"https:\/\/staging.silvalac.eurocastaliahost4.com\/fr\/\",\"name\":\"Silvalac\",\"description\":\"\",\"potentialAction\":[{\"@type\":\"SearchAction\",\"target\":{\"@type\":\"EntryPoint\",\"urlTemplate\":\"https:\/\/staging.silvalac.eurocastaliahost4.com\/fr\/?s={search_term_string}\"},\"query-input\":{\"@type\":\"PropertyValueSpecification\",\"valueRequired\":true,\"valueName\":\"search_term_string\"}}],\"inLanguage\":\"fr-FR\"}]}<\/script>\n<!-- \/ Yoast SEO plugin. -->","yoast_head_json":{"title":"Pol\u00edtica de accesibilidad - Silvalac","robots":{"index":"noindex","follow":"follow","max-snippet":"max-snippet:-1","max-image-preview":"max-image-preview:large","max-video-preview":"max-video-preview:-1"},"og_locale":"fr_FR","og_type":"article","og_title":"Pol\u00edtica de accesibilidad - Silvalac","og_url":"https:\/\/staging.silvalac.eurocastaliahost4.com\/fr\/politica-de-accesibilidad\/","og_site_name":"Silvalac","twitter_card":"summary_large_image","twitter_misc":{"Dur\u00e9e de lecture estim\u00e9e":"7 minutes"},"schema":{"@context":"https:\/\/schema.org","@graph":[{"@type":"WebPage","@id":"https:\/\/staging.silvalac.eurocastaliahost4.com\/fr\/politica-de-accesibilidad\/","url":"https:\/\/staging.silvalac.eurocastaliahost4.com\/fr\/politica-de-accesibilidad\/","name":"Pol\u00edtica de accesibilidad - Silvalac","isPartOf":{"@id":"https:\/\/staging.silvalac.eurocastaliahost4.com\/fr\/#website"},"datePublished":"2024-04-23T07:34:23+00:00","breadcrumb":{"@id":"https:\/\/staging.silvalac.eurocastaliahost4.com\/fr\/politica-de-accesibilidad\/#breadcrumb"},"inLanguage":"fr-FR","potentialAction":[{"@type":"ReadAction","target":["https:\/\/staging.silvalac.eurocastaliahost4.com\/fr\/politica-de-accesibilidad\/"]}]},{"@type":"BreadcrumbList","@id":"https:\/\/staging.silvalac.eurocastaliahost4.com\/fr\/politica-de-accesibilidad\/#breadcrumb","itemListElement":[{"@type":"ListItem","position":1,"name":"Portada","item":"https:\/\/staging.silvalac.eurocastaliahost4.com\/fr\/"},{"@type":"ListItem","position":2,"name":"Pol\u00edtica de accesibilidad"}]},{"@type":"WebSite","@id":"https:\/\/staging.silvalac.eurocastaliahost4.com\/fr\/#website","url":"https:\/\/staging.silvalac.eurocastaliahost4.com\/fr\/","name":"Silvalac","description":"","potentialAction":[{"@type":"SearchAction","target":{"@type":"EntryPoint","urlTemplate":"https:\/\/staging.silvalac.eurocastaliahost4.com\/fr\/?s={search_term_string}"},"query-input":{"@type":"PropertyValueSpecification","valueRequired":true,"valueName":"search_term_string"}}],"inLanguage":"fr-FR"}]}},"_links":{"self":[{"href":"https:\/\/staging.silvalac.eurocastaliahost4.com\/fr\/wp-json\/wp\/v2\/pages\/2414","targetHints":{"allow":["GET"]}}],"collection":[{"href":"https:\/\/staging.silvalac.eurocastaliahost4.com\/fr\/wp-json\/wp\/v2\/pages"}],"about":[{"href":"https:\/\/staging.silvalac.eurocastaliahost4.com\/fr\/wp-json\/wp\/v2\/types\/page"}],"author":[{"embeddable":true,"href":"https:\/\/staging.silvalac.eurocastaliahost4.com\/fr\/wp-json\/wp\/v2\/users\/1"}],"replies":[{"embeddable":true,"href":"https:\/\/staging.silvalac.eurocastaliahost4.com\/fr\/wp-json\/wp\/v2\/comments?post=2414"}],"version-history":[{"count":0,"href":"https:\/\/staging.silvalac.eurocastaliahost4.com\/fr\/wp-json\/wp\/v2\/pages\/2414\/revisions"}],"wp:attachment":[{"href":"https:\/\/staging.silvalac.eurocastaliahost4.com\/fr\/wp-json\/wp\/v2\/media?parent=2414"}],"curies":[{"name":"wp","href":"https:\/\/api.w.org\/{rel}","templated":true}]}}